{"id":99,"date":"2025-03-25T15:50:35","date_gmt":"2025-03-25T15:50:35","guid":{"rendered":"https:\/\/labea.criba.edu.ar\/?page_id=99"},"modified":"2025-05-07T17:15:23","modified_gmt":"2025-05-07T17:15:23","slug":"laboratoire-detudes-apicoles-2","status":"publish","type":"page","link":"https:\/\/labea.criba.edu.ar\/?page_id=99&lang=fr","title":{"rendered":"Laboratoire d&#8217;\u00e9tudes apicoles"},"content":{"rendered":"\t\t<div data-elementor-type=\"wp-page\" data-elementor-id=\"99\" class=\"elementor elementor-99\">\n\t\t\t\t<div class=\"elementor-element elementor-element-496135b e-flex e-con-boxed e-con e-parent\" data-id=\"496135b\" data-element_type=\"container\">\n\t\t\t\t\t<div class=\"e-con-inner\">\n\t\t\t\t<div class=\"elementor-element elementor-element-66eafd1 elementor-widget elementor-widget-text-editor\" data-id=\"66eafd1\" data-element_type=\"widget\" data-widget_type=\"text-editor.default\">\n\t\t\t\t<div class=\"elementor-widget-container\">\n\t\t\t\t\t\t\t\t\t<h1>Laboratoire d&#8217;\u00e9tudes apicoles<\/h1><p><img decoding=\"async\" class=\"size-full wp-image-10 alignleft\" src=\"https:\/\/labea.criba.edu.ar\/wp-content\/uploads\/2025\/03\/imgPortada.jpg\" alt=\"\" width=\"240\" height=\"180\" \/>L&#8217;apiculture est une source importante de travail et aussi de revenus \u00e9conomiques en Argentine. La r\u00e9gion la plus importante du point de vu de la production apicole est la r\u00e9gion de la Pampa. Depuis plusieurs ann\u00e9es notre pays est un de plus importants producteurs et exportateurs mondiaux de miel, et la province de Buenos Aires en produit approximativement la moiti\u00e9. D&#8217;autre part, la l&#8217;apiculture est surtout importante pour la production alimentaire et la durabilit\u00e9 environnementale \u00e0 travers les services de pollinisation, m\u00eame s&#8217;ils restent difficiles \u00e0 quantifier.<br \/>Le Laboratoire d&#8217;\u00e9tudes apicoles (LabEA) du D\u00e9partement d&#8217;Agronomie de l&#8217;Universit\u00e9 Nacional del Sur (<a href=\"https:\/\/www.uns.edu.ar\/deptos\/agronomia\" target=\"_blank\" rel=\"noopener\" data-cke-saved-href=\"http:\/\/www.servicios.uns.edu.ar\/institucion\/deptos\/rep_home.asp?cod_entidad=1\">Department of Agronomy<\/a>, <a href=\"http:\/\/www.uns.edu.ar\/\" target=\"_blank\" rel=\"noopener\" data-cke-saved-href=\"http:\/\/www.uns.edu.ar\/\">UNS<\/a>) a \u00e9t\u00e9 cr\u00e9\u00e9 par l&#8217; assembl\u00e9e de l&#8217;universit\u00e9 en d\u00e9cembre 2009, sur la base du Laboratoire de qualit\u00e9 du miel qui existait depuis 1994. Gr\u00e2ce \u00e0 une convention sign\u00e9e le 2 ao\u00fbt 2013 avec la Commission de recherche scientifique de la Province de Buenos Aires (<a href=\"https:\/\/www.cic.gba.gob.ar\/\" target=\"_blank\" rel=\"noopener\" data-cke-saved-href=\"http:\/\/www.cic.gba.gov.ar\/\">CIC<\/a>) le laboratoire est devenu un centre li\u00e9 au CIC. Dans le laboratoire se d\u00e9roulent des \u00e9tudes multidisciplinaires dans le domaine de l&#8217;apidologie, et plus sp\u00e9cialement de l&#8217;apiculture. Diverses activit\u00e9s de recherche, des formations diplomantes et de sp\u00e9cialisation, des publications, des activit\u00e9s de vulgarisation et de services sont r\u00e9alis\u00e9s ou coordonn\u00e9s. Le groupe comprend des membres de la Coop\u00e9rative de travail apicole Pampero, une entit\u00e9 avec laquelle il existe un accord de collaboration et qui, \u00e0 son tour, articule ses actions avec la Chambre des Apiculteurs Pampero (C\u00e1mara de Apicultores Pampero). Cela facilite la connaissance des probl\u00e8mes apicoles de la r\u00e9gion et permet d&#8217;obtenir des informations de terrain. Par ailleurs, l&#8217;\u00e9quipe du laboratoire s&#8217;appuie sur des chercheurs d&#8217;autres institutions nationales ou \u00e0 l&#8217;internationnal.<\/p>\t\t\t\t\t\t\t\t<\/div>\n\t\t\t\t<\/div>\n\t\t\t\t\t<\/div>\n\t\t\t\t<\/div>\n\t\t\t\t<\/div>\n\t\t","protected":false},"excerpt":{"rendered":"<p>Laboratoire d&#8217;\u00e9tudes apicoles L&#8217;apiculture est une source importante de travail et aussi de revenus \u00e9conomiques en Argentine. La r\u00e9gion la [&hellip;]<\/p>\n","protected":false},"author":1,"featured_media":0,"parent":0,"menu_order":0,"comment_status":"closed","ping_status":"closed","template":"","meta":{"site-sidebar-layout":"no-sidebar","site-content-layout":"","ast-site-content-layout":"full-width-container","site-content-style":"default","site-sidebar-style":"default","ast-global-header-display":"","ast-banner-title-visibility":"","ast-main-header-display":"","ast-hfb-above-header-display":"","ast-hfb-below-header-display":"","ast-hfb-mobile-header-display":"","site-post-title":"disabled","ast-breadcrumbs-content":"","ast-featured-img":"disabled","footer-sml-layout":"","theme-transparent-header-meta":"","adv-header-id-meta":"","stick-header-meta":"","header-above-stick-meta":"","header-main-stick-meta":"","header-below-stick-meta":"","astra-migrate-meta-layouts":"default","ast-page-background-enabled":"default","ast-page-background-meta":{"desktop":{"background-color":"var(--ast-global-color-5)","background-image":"","background-repeat":"repeat","background-position":"center center","background-size":"auto","background-attachment":"scroll","background-type":"","background-media":"","overlay-type":"","overlay-color":"","overlay-opacity":"","overlay-gradient":""},"tablet":{"background-color":"","background-image":"","background-repeat":"repeat","background-position":"center center","background-size":"auto","background-attachment":"scroll","background-type":"","background-media":"","overlay-type":"","overlay-color":"","overlay-opacity":"","overlay-gradient":""},"mobile":{"background-color":"","background-image":"","background-repeat":"repeat","background-position":"center center","background-size":"auto","background-attachment":"scroll","background-type":"","background-media":"","overlay-type":"","overlay-color":"","overlay-opacity":"","overlay-gradient":""}},"ast-content-background-meta":{"desktop":{"background-color":"var(--ast-global-color-4)","background-image":"","background-repeat":"repeat","background-position":"center center","background-size":"auto","background-attachment":"scroll","background-type":"","background-media":"","overlay-type":"","overlay-color":"","overlay-opacity":"","overlay-gradient":""},"tablet":{"background-color":"var(--ast-global-color-4)","background-image":"","background-repeat":"repeat","background-position":"center center","background-size":"auto","background-attachment":"scroll","background-type":"","background-media":"","overlay-type":"","overlay-color":"","overlay-opacity":"","overlay-gradient":""},"mobile":{"background-color":"var(--ast-global-color-4)","background-image":"","background-repeat":"repeat","background-position":"center center","background-size":"auto","background-attachment":"scroll","background-type":"","background-media":"","overlay-type":"","overlay-color":"","overlay-opacity":"","overlay-gradient":""}},"footnotes":""},"class_list":["post-99","page","type-page","status-publish","hentry"],"_links":{"self":[{"href":"https:\/\/labea.criba.edu.ar\/index.php?rest_route=\/wp\/v2\/pages\/99","targetHints":{"allow":["GET"]}}],"collection":[{"href":"https:\/\/labea.criba.edu.ar\/index.php?rest_route=\/wp\/v2\/pages"}],"about":[{"href":"https:\/\/labea.criba.edu.ar\/index.php?rest_route=\/wp\/v2\/types\/page"}],"author":[{"embeddable":true,"href":"https:\/\/labea.criba.edu.ar\/index.php?rest_route=\/wp\/v2\/users\/1"}],"replies":[{"embeddable":true,"href":"https:\/\/labea.criba.edu.ar\/index.php?rest_route=%2Fwp%2Fv2%2Fcomments&post=99"}],"version-history":[{"count":7,"href":"https:\/\/labea.criba.edu.ar\/index.php?rest_route=\/wp\/v2\/pages\/99\/revisions"}],"predecessor-version":[{"id":284,"href":"https:\/\/labea.criba.edu.ar\/index.php?rest_route=\/wp\/v2\/pages\/99\/revisions\/284"}],"wp:attachment":[{"href":"https:\/\/labea.criba.edu.ar\/index.php?rest_route=%2Fwp%2Fv2%2Fmedia&parent=99"}],"curies":[{"name":"wp","href":"https:\/\/api.w.org\/{rel}","templated":true}]}}