{"id":237,"date":"2025-05-05T16:31:55","date_gmt":"2025-05-05T16:31:55","guid":{"rendered":"https:\/\/labea.criba.edu.ar\/?page_id=237"},"modified":"2025-05-05T16:35:49","modified_gmt":"2025-05-05T16:35:49","slug":"enseignement-et-vulgarisation","status":"publish","type":"page","link":"https:\/\/labea.criba.edu.ar\/?page_id=237&lang=fr","title":{"rendered":"Enseignement et vulgarisation"},"content":{"rendered":"\t\t<div data-elementor-type=\"wp-page\" data-elementor-id=\"237\" class=\"elementor elementor-237\">\n\t\t\t\t<div class=\"elementor-element elementor-element-a7f3c4f e-flex e-con-boxed e-con e-parent\" data-id=\"a7f3c4f\" data-element_type=\"container\">\n\t\t\t\t\t<div class=\"e-con-inner\">\n\t\t\t\t<div class=\"elementor-element elementor-element-3222370 elementor-widget elementor-widget-text-editor\" data-id=\"3222370\" data-element_type=\"widget\" data-widget_type=\"text-editor.default\">\n\t\t\t\t<div class=\"elementor-widget-container\">\n\t\t\t\t\t\t\t\t\t<p>L\u2019apiculture a \u00e9t\u00e9 int\u00e9gr\u00e9e aux enseignements du D\u00e9partement d\u2019Agronomie de l\u2019UNS sous la forme d\u2019un cours optionnel pour les Ing\u00e9nieurs Agronomes et d\u2019autres cours de perfectionnement et de spacialisation. Les capacit\u00e9s d\u2019enseignement de l\u2019UNS et l\u2019emplacement dans la principale r\u00e9gion productrice de miel de l\u2019Argentine sont les bases sur lesquelles a \u00e9t\u00e9 cr\u00e9\u00e9 le dipl\u00f4me de Technicien Universitaire Apicole (T\u00e9cnico Universitario Ap\u00edcola) en 2003.<br \/>Les membres du labEA sont responsables ou ont collabor\u00e9 aux cours de formation avanc\u00e9e suivants : \u00abMelisopalinolog\u00eda\u00bb, \u00abImportancia y medici\u00f3n del color en productos agroalimentarios\u00bb, \u00abT\u00f3picos avanzados de Entomolog\u00eda aplicada con \u00e9nfasis en Apicultura\u00bb, \u00abActuopalinolog\u00eda. Principios b\u00e1sicos y aplicaciones\u00bb, \u00abTecnolog\u00eda de la producci\u00f3n primaria de Alimentos. M\u00f3dulo de producci\u00f3n y calidad de miel\u00bb, \u00abIV Curso b\u00e1sico de Palinolog\u00eda aplicada a la tipificaci\u00f3n de mieles\u00bb et \u00abIII Curso b\u00e1sico de Palinolog\u00eda aplicada a la tipificaci\u00f3n de Mieles\u00bb.<\/p><p>Les activit\u00e9s de d\u00e9veloppement du LabEA concernant la vulgarisation el la liaison technologique ont contribu\u00e9 \u00e0 articuler les actions de plusieurs institutions avec les acteurs impliqu\u00e9s dans le processus de production et contribu\u00e9 \u00e0 leur formation. La station d\u2019exp\u00e9rimentation agricole EEA INTA Bordenave a jou\u00e9 un r\u00f4le important dans la structuration de la profession apicole : actuellement environ 60% des apiculteurs de la r\u00e9gion sont regroup\u00e9s en groupements techniques. Les \u00e9changes d\u2019exp\u00e9riences et le transfert de connaissances ont rapproch\u00e9 les diff\u00e9rents acteurs apicoles, r\u00e9duisant ainsi la distance entre la recherche et la production.<\/p>\t\t\t\t\t\t\t\t<\/div>\n\t\t\t\t<\/div>\n\t\t\t\t\t<\/div>\n\t\t\t\t<\/div>\n\t\t\t\t<\/div>\n\t\t","protected":false},"excerpt":{"rendered":"<p>L\u2019apiculture a \u00e9t\u00e9 int\u00e9gr\u00e9e aux enseignements du D\u00e9partement d\u2019Agronomie de l\u2019UNS sous la forme d\u2019un cours optionnel pour les Ing\u00e9nieurs [&hellip;]<\/p>\n","protected":false},"author":1,"featured_media":0,"parent":0,"menu_order":0,"comment_status":"closed","ping_status":"closed","template":"","meta":{"site-sidebar-layout":"no-sidebar","site-content-layout":"","ast-site-content-layout":"full-width-container","site-content-style":"default","site-sidebar-style":"default","ast-global-header-display":"","ast-banner-title-visibility":"","ast-main-header-display":"","ast-hfb-above-header-display":"","ast-hfb-below-header-display":"","ast-hfb-mobile-header-display":"","site-post-title":"disabled","ast-breadcrumbs-content":"","ast-featured-img":"disabled","footer-sml-layout":"","theme-transparent-header-meta":"","adv-header-id-meta":"","stick-header-meta":"","header-above-stick-meta":"","header-main-stick-meta":"","header-below-stick-meta":"","astra-migrate-meta-layouts":"default","ast-page-background-enabled":"default","ast-page-background-meta":{"desktop":{"background-color":"var(--ast-global-color-5)","background-image":"","background-repeat":"repeat","background-position":"center center","background-size":"auto","background-attachment":"scroll","background-type":"","background-media":"","overlay-type":"","overlay-color":"","overlay-opacity":"","overlay-gradient":""},"tablet":{"background-color":"","background-image":"","background-repeat":"repeat","background-position":"center center","background-size":"auto","background-attachment":"scroll","background-type":"","background-media":"","overlay-type":"","overlay-color":"","overlay-opacity":"","overlay-gradient":""},"mobile":{"background-color":"","background-image":"","background-repeat":"repeat","background-position":"center center","background-size":"auto","background-attachment":"scroll","background-type":"","background-media":"","overlay-type":"","overlay-color":"","overlay-opacity":"","overlay-gradient":""}},"ast-content-background-meta":{"desktop":{"background-color":"var(--ast-global-color-4)","background-image":"","background-repeat":"repeat","background-position":"center center","background-size":"auto","background-attachment":"scroll","background-type":"","background-media":"","overlay-type":"","overlay-color":"","overlay-opacity":"","overlay-gradient":""},"tablet":{"background-color":"var(--ast-global-color-4)","background-image":"","background-repeat":"repeat","background-position":"center center","background-size":"auto","background-attachment":"scroll","background-type":"","background-media":"","overlay-type":"","overlay-color":"","overlay-opacity":"","overlay-gradient":""},"mobile":{"background-color":"var(--ast-global-color-4)","background-image":"","background-repeat":"repeat","background-position":"center center","background-size":"auto","background-attachment":"scroll","background-type":"","background-media":"","overlay-type":"","overlay-color":"","overlay-opacity":"","overlay-gradient":""}},"footnotes":""},"class_list":["post-237","page","type-page","status-publish","hentry"],"_links":{"self":[{"href":"https:\/\/labea.criba.edu.ar\/index.php?rest_route=\/wp\/v2\/pages\/237","targetHints":{"allow":["GET"]}}],"collection":[{"href":"https:\/\/labea.criba.edu.ar\/index.php?rest_route=\/wp\/v2\/pages"}],"about":[{"href":"https:\/\/labea.criba.edu.ar\/index.php?rest_route=\/wp\/v2\/types\/page"}],"author":[{"embeddable":true,"href":"https:\/\/labea.criba.edu.ar\/index.php?rest_route=\/wp\/v2\/users\/1"}],"replies":[{"embeddable":true,"href":"https:\/\/labea.criba.edu.ar\/index.php?rest_route=%2Fwp%2Fv2%2Fcomments&post=237"}],"version-history":[{"count":4,"href":"https:\/\/labea.criba.edu.ar\/index.php?rest_route=\/wp\/v2\/pages\/237\/revisions"}],"predecessor-version":[{"id":241,"href":"https:\/\/labea.criba.edu.ar\/index.php?rest_route=\/wp\/v2\/pages\/237\/revisions\/241"}],"wp:attachment":[{"href":"https:\/\/labea.criba.edu.ar\/index.php?rest_route=%2Fwp%2Fv2%2Fmedia&parent=237"}],"curies":[{"name":"wp","href":"https:\/\/api.w.org\/{rel}","templated":true}]}}